{"id":8677,"date":"2025-11-18T20:42:14","date_gmt":"2025-11-18T20:42:14","guid":{"rendered":"https:\/\/verlag.geh8.de\/?post_type=product&#038;p=8677"},"modified":"2025-11-18T20:42:14","modified_gmt":"2025-11-18T20:42:14","slug":"einer-muss-es-ja-machen","status":"publish","type":"product","link":"https:\/\/verlag.geh8.de\/?product=einer-muss-es-ja-machen","title":{"rendered":"Einer muss es ja machen"},"content":{"rendered":"<p><strong>Layout, Grafik und Satz:<\/strong> Michael Merkel<br \/>\n<strong>Texte<\/strong>: Susanne Knorr, Michael Merkel<br \/>\n<strong>Lektorat:<\/strong> Friederike Fischer<br \/>\n<strong>Herausgeber<\/strong>: Erfurter Kunstverein &amp; GEH8-Verlag<\/p>\n<p>Die Ausstellung <em data-start=\"233\" data-end=\"258\">Einer muss es ja machen<\/em> zeigte einen umfassenden \u00dcberblick \u00fcber das vielseitige Werk von Michael Merkel. Zeichnungen, Fotografien, Objekte und Installationen verbanden sich zu einem dichten Geflecht aus Themen und Bez\u00fcgen \u2013 von politischen und gesellschaftlichen Beobachtungen \u00fcber sportliche und medizinische Motive bis hin zu sehr pers\u00f6nlichen Reflexionen. Mit feinem Humor und einem Gesp\u00fcr f\u00fcr das Absurde hinterfragt Merkel allt\u00e4gliche Wahrnehmungen und gewohnte Denkmuster. Mal direkt, mal subtil er\u00f6ffnen seine Arbeiten neue Perspektiven auf bekannte Zusammenh\u00e4nge und laden dazu ein, die eigene Position im Gef\u00fcge der Dinge neu zu verhandeln.<\/p>\n<p>2025 | 106 Seiten<br \/>\n25 x 20 cm<br \/>\nISBN: 978-3-949612-07-7<\/p>\n<div class=\"\">\n<p>&nbsp;<\/p>\n<p><span class=\"\"><em><span class=\"\" title=\"Bearbeitet\">,,Einer muss es ja machen\u201d wurde gef\u00f6rdert durch die Kulturstiftung Th\u00fcringen.\u00a0<\/span><\/em><b class=\"\"><br \/>\n<\/b><\/span><\/p>\n<\/div>\n<p><img loading=\"lazy\" decoding=\"async\" class=\"alignnone wp-image-1481\" src=\"https:\/\/2021.michael-merkel.eu\/wp-content\/uploads\/2025\/11\/Kulturstiftung_sw-300x52.jpg\" sizes=\"auto, (max-width: 277px) 100vw, 277px\" srcset=\"https:\/\/2021.michael-merkel.eu\/wp-content\/uploads\/2025\/11\/Kulturstiftung_sw-300x52.jpg 300w, https:\/\/2021.michael-merkel.eu\/wp-content\/uploads\/2025\/11\/Kulturstiftung_sw-768x133.jpg 768w, https:\/\/2021.michael-merkel.eu\/wp-content\/uploads\/2025\/11\/Kulturstiftung_sw-500x87.jpg 500w, https:\/\/2021.michael-merkel.eu\/wp-content\/uploads\/2025\/11\/Kulturstiftung_sw-499x87.jpg 499w, https:\/\/2021.michael-merkel.eu\/wp-content\/uploads\/2025\/11\/Kulturstiftung_sw-600x104.jpg 600w, https:\/\/2021.michael-merkel.eu\/wp-content\/uploads\/2025\/11\/Kulturstiftung_sw.jpg 801w\" alt=\"\" width=\"277\" height=\"48\" \/><\/p>\n<p>&nbsp;<\/p>\n","protected":false},"excerpt":{"rendered":"<p>Layout, Grafik und Satz: Michael Merkel Texte: Susanne Knorr, Michael Merkel Lektorat: Friederike Fischer Herausgeber: Erfurter Kunstverein &amp; GEH8-Verlag Die Ausstellung Einer muss es ja machen zeigte einen umfassenden \u00dcberblick \u00fcber das vielseitige Werk von Michael Merkel. Zeichnungen, Fotografien, Objekte und Installationen verbanden sich zu einem dichten Geflecht aus Themen und Bez\u00fcgen \u2013 von politischen&#8230;<\/p>\n","protected":false},"featured_media":8678,"template":"","meta":[],"product_cat":[27],"product_tag":[],"_links":{"self":[{"href":"https:\/\/verlag.geh8.de\/index.php?rest_route=\/wp\/v2\/product\/8677"}],"collection":[{"href":"https:\/\/verlag.geh8.de\/index.php?rest_route=\/wp\/v2\/product"}],"about":[{"href":"https:\/\/verlag.geh8.de\/index.php?rest_route=\/wp\/v2\/types\/product"}],"wp:featuredmedia":[{"embeddable":true,"href":"https:\/\/verlag.geh8.de\/index.php?rest_route=\/wp\/v2\/media\/8678"}],"wp:attachment":[{"href":"https:\/\/verlag.geh8.de\/index.php?rest_route=%2Fwp%2Fv2%2Fmedia&parent=8677"}],"wp:term":[{"taxonomy":"product_cat","embeddable":true,"href":"https:\/\/verlag.geh8.de\/index.php?rest_route=%2Fwp%2Fv2%2Fproduct_cat&post=8677"},{"taxonomy":"product_tag","embeddable":true,"href":"https:\/\/verlag.geh8.de\/index.php?rest_route=%2Fwp%2Fv2%2Fproduct_tag&post=8677"}],"curies":[{"name":"wp","href":"https:\/\/api.w.org\/{rel}","templated":true}]}}