{"id":8657,"date":"2025-05-05T12:38:48","date_gmt":"2025-05-05T12:38:48","guid":{"rendered":"https:\/\/verlag.geh8.de\/?post_type=product&#038;p=8657"},"modified":"2025-05-12T09:38:13","modified_gmt":"2025-05-12T09:38:13","slug":"barron","status":"publish","type":"product","link":"https:\/\/verlag.geh8.de\/?product=barron","title":{"rendered":"Barron"},"content":{"rendered":"<p><strong>Autor: <\/strong>Edgar Leciejewski<strong><br \/>\nHerausgeber: <\/strong>GEH8 Kunst Raum Ateliers gUG<\/p>\n<p><em>Eine Coming-of-Age-Geschichte \u00fcber die Grenzen von Wahrnehmung und Kommunikation.<\/em><\/p>\n<p>Der Leipziger K\u00fcnstler Edgar Leciejewski erz\u00e4hlt auf 144 Seiten eine ungew\u00f6hnliche Geschichte des Erwachsenwerdens. Mit einem scharfen Blick auf mediale Systeme, die er hackt und hinterfragt, zeigt er, wie Wirklichkeit erst durch ihre Begrenzungen an Tiefe gewinnt. \u201eBarron\u201c ist eine poetische, radikale Auseinandersetzung mit dem, was wir sehen \u2013 und dem, was wir \u00fcbersehen.<\/p>\n<p>2025 \/ 144 Seiten<br \/>\n21 cm x 14,8 cm<br \/>\nISBN: 978-3-949612-06-0<\/p>\n","protected":false},"excerpt":{"rendered":"<p>Autor: Edgar Leciejewski Herausgeber: GEH8 Kunst Raum Ateliers gUG Eine Coming-of-Age-Geschichte \u00fcber die Grenzen von Wahrnehmung und Kommunikation. Der Leipziger K\u00fcnstler Edgar Leciejewski erz\u00e4hlt auf 144 Seiten eine ungew\u00f6hnliche Geschichte des Erwachsenwerdens. Mit einem scharfen Blick auf mediale Systeme, die er hackt und hinterfragt, zeigt er, wie Wirklichkeit erst durch ihre Begrenzungen an Tiefe gewinnt&#8230;.<\/p>\n","protected":false},"featured_media":8658,"template":"","meta":[],"product_cat":[27],"product_tag":[],"_links":{"self":[{"href":"https:\/\/verlag.geh8.de\/index.php?rest_route=\/wp\/v2\/product\/8657"}],"collection":[{"href":"https:\/\/verlag.geh8.de\/index.php?rest_route=\/wp\/v2\/product"}],"about":[{"href":"https:\/\/verlag.geh8.de\/index.php?rest_route=\/wp\/v2\/types\/product"}],"wp:featuredmedia":[{"embeddable":true,"href":"https:\/\/verlag.geh8.de\/index.php?rest_route=\/wp\/v2\/media\/8658"}],"wp:attachment":[{"href":"https:\/\/verlag.geh8.de\/index.php?rest_route=%2Fwp%2Fv2%2Fmedia&parent=8657"}],"wp:term":[{"taxonomy":"product_cat","embeddable":true,"href":"https:\/\/verlag.geh8.de\/index.php?rest_route=%2Fwp%2Fv2%2Fproduct_cat&post=8657"},{"taxonomy":"product_tag","embeddable":true,"href":"https:\/\/verlag.geh8.de\/index.php?rest_route=%2Fwp%2Fv2%2Fproduct_tag&post=8657"}],"curies":[{"name":"wp","href":"https:\/\/api.w.org\/{rel}","templated":true}]}}