{"id":8607,"date":"2023-10-13T09:51:02","date_gmt":"2023-10-13T09:51:02","guid":{"rendered":"https:\/\/verlag.geh8.de\/?post_type=product&#038;p=8607"},"modified":"2025-02-20T22:37:04","modified_gmt":"2025-02-20T22:37:04","slug":"topie","status":"publish","type":"product","link":"https:\/\/verlag.geh8.de\/?product=topie","title":{"rendered":"*TOPIE"},"content":{"rendered":"<p><strong>Redaktion: <\/strong>Kathrin Assauer<strong><br \/>\nGraphikdesign<\/strong>: Michael Merkel<br \/>\n<strong>Texte<\/strong>: Silke Tobeler, Dorothee Schr\u00f6der, Michael Duszat, Kathrin Assauer, Masoud Riahi, Marc Matthies, Ruth. G. Gross, Pajand Soleymani, Astrid St\u00e4hler, Anja Schwennsen, Marcel Beyer, Ferdinand Vicon\u010daij, Martina Lenz, Grisella Kreiterling<br \/>\n<strong>Zeichnungen: <\/strong>Andr\u00e9 Tempel<strong><br \/>\nLektorat:<\/strong> Helge Pfannenschmidt<br \/>\n<strong>Herausgeber<\/strong>: GEH8 Kunst Raum Ateliers gUG<\/p>\n<p class=\"moz-quote-pre\">*TOPIE ist der Titel und Anlass der Publikation einer Anthologie des GEH8-Verlages. 14 Autor:innen aus ganz Deutschland und aus dem Iran verfassten Texte in Form von Kurzgeschichten, Gedichten und Traktaten, illustriert mit Zeichnungen des K\u00fcnstlers Andr\u00e9 Tempel. Texte von: Kathrin Assauer (Herausgeberin), Marcel Beyer, Michael Duszat, Ruth G. Gross, Grisella Kreiterling, Martina Lenz, Marc Matthies, Masoud Riahi, Dorothee Schro\u0308der, Anja Schwennsen, Pajand Soleymani, Astrid Sta\u0308hler, Silke Tobeler, Ferdinand Viconc\u030caij.<\/p>\n<div>\n<p>2023 | 168 Seiten<br \/>\n22 x 17 cm<br \/>\nISBN: 978-3-949612-05-3<\/p>\n<h6><\/h6>\n<p><em><strong>Das Projekt &#8220;*Topie &#8211; Space is the case&#8221; wird gef\u00f6rdert durch die Kulturstiftung des Freistaates Sachsen. Vielen Dank.<\/strong><\/em><\/p>\n<p>&nbsp;<\/p>\n<\/div>\n<p><img loading=\"lazy\" decoding=\"async\" class=\"alignnone wp-image-8617\" src=\"https:\/\/verlag.geh8.de\/wp-content\/uploads\/2023\/10\/KDFS_LogoWappenText_2020_RGB-768x188-1.jpg\" alt=\"\" width=\"375\" height=\"92\" srcset=\"https:\/\/verlag.geh8.de\/wp-content\/uploads\/2023\/10\/KDFS_LogoWappenText_2020_RGB-768x188-1.jpg 768w, https:\/\/verlag.geh8.de\/wp-content\/uploads\/2023\/10\/KDFS_LogoWappenText_2020_RGB-768x188-1-300x73.jpg 300w, https:\/\/verlag.geh8.de\/wp-content\/uploads\/2023\/10\/KDFS_LogoWappenText_2020_RGB-768x188-1-602x147.jpg 602w\" sizes=\"(max-width: 375px) 100vw, 375px\" \/><\/p>\n<p><img loading=\"lazy\" decoding=\"async\" class=\"alignnone size-full wp-image-8645\" src=\"https:\/\/verlag.geh8.de\/wp-content\/uploads\/2023\/10\/Platzhalter.jpg\" alt=\"\" width=\"451\" height=\"78\" srcset=\"https:\/\/verlag.geh8.de\/wp-content\/uploads\/2023\/10\/Platzhalter.jpg 451w, https:\/\/verlag.geh8.de\/wp-content\/uploads\/2023\/10\/Platzhalter-300x52.jpg 300w\" sizes=\"(max-width: 451px) 100vw, 451px\" \/><\/p>\n","protected":false},"excerpt":{"rendered":"<p>Redaktion: Kathrin Assauer Graphikdesign: Michael Merkel Texte: Silke Tobeler, Dorothee Schr\u00f6der, Michael Duszat, Kathrin Assauer, Masoud Riahi, Marc Matthies, Ruth. G. Gross, Pajand Soleymani, Astrid St\u00e4hler, Anja Schwennsen, Marcel Beyer, Ferdinand Vicon\u010daij, Martina Lenz, Grisella Kreiterling Zeichnungen: Andr\u00e9 Tempel Lektorat: Helge Pfannenschmidt Herausgeber: GEH8 Kunst Raum Ateliers gUG *TOPIE ist der Titel und Anlass der&#8230;<\/p>\n","protected":false},"featured_media":8609,"template":"","meta":[],"product_cat":[30],"product_tag":[],"_links":{"self":[{"href":"https:\/\/verlag.geh8.de\/index.php?rest_route=\/wp\/v2\/product\/8607"}],"collection":[{"href":"https:\/\/verlag.geh8.de\/index.php?rest_route=\/wp\/v2\/product"}],"about":[{"href":"https:\/\/verlag.geh8.de\/index.php?rest_route=\/wp\/v2\/types\/product"}],"wp:featuredmedia":[{"embeddable":true,"href":"https:\/\/verlag.geh8.de\/index.php?rest_route=\/wp\/v2\/media\/8609"}],"wp:attachment":[{"href":"https:\/\/verlag.geh8.de\/index.php?rest_route=%2Fwp%2Fv2%2Fmedia&parent=8607"}],"wp:term":[{"taxonomy":"product_cat","embeddable":true,"href":"https:\/\/verlag.geh8.de\/index.php?rest_route=%2Fwp%2Fv2%2Fproduct_cat&post=8607"},{"taxonomy":"product_tag","embeddable":true,"href":"https:\/\/verlag.geh8.de\/index.php?rest_route=%2Fwp%2Fv2%2Fproduct_tag&post=8607"}],"curies":[{"name":"wp","href":"https:\/\/api.w.org\/{rel}","templated":true}]}}