{"id":8552,"date":"2023-02-05T13:33:51","date_gmt":"2023-02-05T13:33:51","guid":{"rendered":"https:\/\/verlag.geh8.de\/?post_type=product&#038;p=8552"},"modified":"2025-02-20T22:38:00","modified_gmt":"2025-02-20T22:38:00","slug":"thomas-judisch-hand-in-hand","status":"publish","type":"product","link":"https:\/\/verlag.geh8.de\/?product=thomas-judisch-hand-in-hand","title":{"rendered":"Hand in Hand"},"content":{"rendered":"<p><strong>THOMAS JUDISCH &#8211; HAND IN HAND<\/strong><\/p>\n<p><strong>Herausgeber:<\/strong> Marburger Kunstverein \/ <strong>Co-Herausgeber:<\/strong> Drawing Room, Hamburg<br \/>\n<strong>Texte:<\/strong> Carola Schneider, Thomas Judisch, Adina Rieckmann, Konstanze Sch\u00fctze<br \/>\n<strong>Redaktion:<\/strong> Thomas Judisch und Denise Walther<br \/>\n<strong>Lektorat:<\/strong> Martina Buder<br \/>\n<strong>\u00dcbersetzung:<\/strong> Lucinda Rennison<br \/>\n<strong>Gestaltung:<\/strong> Denise Walther (pixel-hausgemacht.de)<\/p>\n<p><em>Der aktuelle Katalog \u201eHand in Hand\u201c des K\u00fcnstlers Thomas Judisch ist parallel zu seiner bisher gr\u00f6\u00dften Einzelausstellung im Marburger Kunstverein zur Er\u00f6ffnung am 02.12.2022 erschienen.<\/em><\/p>\n<p><strong>Einleitung Carola Schneider, Kuratorin, Marburger Kunstverein (Textauszug):<\/strong><\/p>\n<p>\u00bbHand in Hand\u00ab? D\u00fcrfen wir bei diesem Ausstellungstitel an ein harmonisches Miteinander denken? Oder soll uns vielmehr das Sprichwort \u00bbEine Hand w\u00e4scht die andere\u00ab in den Sinn kommen, eine Umschreibung f\u00fcr undurchsichtige, korrupte Gesch\u00e4fte? Und wenn wir uns eine Arbeit der Serie \u00bbHand in Hand\u00ab von Thomas Judisch ansehen \u2013 ein Gipsabguss sechs aufeinanderliegender aufgeblasener Hygienehandschuhe \u2013, so erinnern wir uns an ein Spiel aus Kindertagen, bei dem die unten liegenden H\u00e4nde weggezogen und immer wieder oben aufgelegt wurden, bis das Ganze im Gehaue endete und alle H\u00e4nde sich gegenseitig schlugen. Kippmomente und Mehrdeutigkeiten sind das Spezialgebiet des Bildhauers und Konzeptk\u00fcnstlers Thomas Judisch. Das zeigt sich schon in der Wahl seiner Ausstellungs- und Werktitel.<\/p>\n<p>2022 | 94 Seiten<br \/>\n24.5 x 16 cm<br \/>\nAuflage: 300, signierte und nummerierte Sonderedition<br \/>\nISBN: 978-3-949612-04-6<\/p>\n<p><img loading=\"lazy\" decoding=\"async\" class=\"alignnone size-full wp-image-8645\" src=\"https:\/\/verlag.geh8.de\/wp-content\/uploads\/2023\/10\/Platzhalter.jpg\" alt=\"\" width=\"451\" height=\"78\" srcset=\"https:\/\/verlag.geh8.de\/wp-content\/uploads\/2023\/10\/Platzhalter.jpg 451w, https:\/\/verlag.geh8.de\/wp-content\/uploads\/2023\/10\/Platzhalter-300x52.jpg 300w\" sizes=\"(max-width: 451px) 100vw, 451px\" \/><\/p>\n","protected":false},"excerpt":{"rendered":"<p>THOMAS JUDISCH &#8211; HAND IN HAND Herausgeber: Marburger Kunstverein \/ Co-Herausgeber: Drawing Room, Hamburg Texte: Carola Schneider, Thomas Judisch, Adina Rieckmann, Konstanze Sch\u00fctze Redaktion: Thomas Judisch und Denise Walther Lektorat: Martina Buder \u00dcbersetzung: Lucinda Rennison Gestaltung: Denise Walther (pixel-hausgemacht.de) Der aktuelle Katalog \u201eHand in Hand\u201c des K\u00fcnstlers Thomas Judisch ist parallel zu seiner bisher gr\u00f6\u00dften&#8230;<\/p>\n","protected":false},"featured_media":8577,"template":"","meta":[],"product_cat":[27],"product_tag":[],"_links":{"self":[{"href":"https:\/\/verlag.geh8.de\/index.php?rest_route=\/wp\/v2\/product\/8552"}],"collection":[{"href":"https:\/\/verlag.geh8.de\/index.php?rest_route=\/wp\/v2\/product"}],"about":[{"href":"https:\/\/verlag.geh8.de\/index.php?rest_route=\/wp\/v2\/types\/product"}],"wp:featuredmedia":[{"embeddable":true,"href":"https:\/\/verlag.geh8.de\/index.php?rest_route=\/wp\/v2\/media\/8577"}],"wp:attachment":[{"href":"https:\/\/verlag.geh8.de\/index.php?rest_route=%2Fwp%2Fv2%2Fmedia&parent=8552"}],"wp:term":[{"taxonomy":"product_cat","embeddable":true,"href":"https:\/\/verlag.geh8.de\/index.php?rest_route=%2Fwp%2Fv2%2Fproduct_cat&post=8552"},{"taxonomy":"product_tag","embeddable":true,"href":"https:\/\/verlag.geh8.de\/index.php?rest_route=%2Fwp%2Fv2%2Fproduct_tag&post=8552"}],"curies":[{"name":"wp","href":"https:\/\/api.w.org\/{rel}","templated":true}]}}