{"id":8125,"date":"2021-08-29T17:07:05","date_gmt":"2021-08-29T17:07:05","guid":{"rendered":"http:\/\/verlag.geh8.de\/?post_type=product&#038;p=8125"},"modified":"2025-02-20T22:41:05","modified_gmt":"2025-02-20T22:41:05","slug":"michael-merkel-koganecho-symphony","status":"publish","type":"product","link":"https:\/\/verlag.geh8.de\/?product=michael-merkel-koganecho-symphony","title":{"rendered":"Koganecho Symphony"},"content":{"rendered":"<div class=\"article center mdtext\">\n<p><strong>Herausgeber<\/strong>: Michael Merkel<br \/>\n<strong>Graphikdesign<\/strong>: Mandy M\u00fcnzner<br \/>\n<strong>Text<\/strong>: Sophie Thorak<\/p>\n<p style=\"text-align: left;\">Das Buch Koganecho Symphony entstand anl\u00e4sslich der gleichnamigen Performance, die Michael Merkel 2014 in Japan auff\u00fchrte. In einem ritualgleichen Gestus halbierte der K\u00fcnstler zwei Fische und setzte sie jedoch Kopf an Kopf und Flosse an Flosse wieder neu zusammen, bandagiert mit je einem Ziegelstein zu ihren Seiten. Dabei verortet die Kunsthistorikerin Sophie Thorak die Merkels Aktion in der japanischen Kulturlandschaft, entschl\u00fcsselt komplexe Bez\u00fcge und stellt Verbindungen zu anderen Kunstwerken her. Eingefasst in ein sch\u00f6nes Grafikdesign und erg\u00e4nzt durch Fotografien der Performance ist so ein sehenswertes K\u00fcnstlerbuch entstanden.<\/p>\n<p>2020 | 40 Seiten<br \/>\n19,7 x 14 cm<\/p>\n<p><img loading=\"lazy\" decoding=\"async\" class=\"alignnone size-full wp-image-8645\" src=\"https:\/\/verlag.geh8.de\/wp-content\/uploads\/2023\/10\/Platzhalter.jpg\" alt=\"\" width=\"451\" height=\"78\" srcset=\"https:\/\/verlag.geh8.de\/wp-content\/uploads\/2023\/10\/Platzhalter.jpg 451w, https:\/\/verlag.geh8.de\/wp-content\/uploads\/2023\/10\/Platzhalter-300x52.jpg 300w\" sizes=\"(max-width: 451px) 100vw, 451px\" \/><\/p>\n<\/div>\n","protected":false},"excerpt":{"rendered":"<p>Herausgeber: Michael Merkel Graphikdesign: Mandy M\u00fcnzner Text: Sophie Thorak Das Buch Koganecho Symphony entstand anl\u00e4sslich der gleichnamigen Performance, die Michael Merkel 2014 in Japan auff\u00fchrte. In einem ritualgleichen Gestus halbierte der K\u00fcnstler zwei Fische und setzte sie jedoch Kopf an Kopf und Flosse an Flosse wieder neu zusammen, bandagiert mit je einem Ziegelstein zu ihren&#8230;<\/p>\n","protected":false},"featured_media":8126,"template":"","meta":[],"product_cat":[27],"product_tag":[],"_links":{"self":[{"href":"https:\/\/verlag.geh8.de\/index.php?rest_route=\/wp\/v2\/product\/8125"}],"collection":[{"href":"https:\/\/verlag.geh8.de\/index.php?rest_route=\/wp\/v2\/product"}],"about":[{"href":"https:\/\/verlag.geh8.de\/index.php?rest_route=\/wp\/v2\/types\/product"}],"wp:featuredmedia":[{"embeddable":true,"href":"https:\/\/verlag.geh8.de\/index.php?rest_route=\/wp\/v2\/media\/8126"}],"wp:attachment":[{"href":"https:\/\/verlag.geh8.de\/index.php?rest_route=%2Fwp%2Fv2%2Fmedia&parent=8125"}],"wp:term":[{"taxonomy":"product_cat","embeddable":true,"href":"https:\/\/verlag.geh8.de\/index.php?rest_route=%2Fwp%2Fv2%2Fproduct_cat&post=8125"},{"taxonomy":"product_tag","embeddable":true,"href":"https:\/\/verlag.geh8.de\/index.php?rest_route=%2Fwp%2Fv2%2Fproduct_tag&post=8125"}],"curies":[{"name":"wp","href":"https:\/\/api.w.org\/{rel}","templated":true}]}}