{"id":8118,"date":"2021-08-29T14:39:29","date_gmt":"2021-08-29T14:39:29","guid":{"rendered":"http:\/\/verlag.geh8.de\/?post_type=product&#038;p=8118"},"modified":"2025-02-20T22:38:23","modified_gmt":"2025-02-20T22:38:23","slug":"geh8-on-off-zwischen-selbst-und-sein-teil-iii","status":"publish","type":"product","link":"https:\/\/verlag.geh8.de\/?product=geh8-on-off-zwischen-selbst-und-sein-teil-iii","title":{"rendered":"GEH8 ON-OFF: Zwischen Selbst und Sein"},"content":{"rendered":"<div class=\"article center mdtext\">\n<p><strong>Herausgeber<\/strong>: GEH8<\/p>\n<p style=\"text-align: left;\">Im Jahr 2014 ver\u00e4nderten sich die bis dato unsicheren Rahmenbedingungen der GEH8 zum Positiven. Durch den Verkauf des ehemaligen G\u00fcterbahnhofsgrundst\u00fccks an die Stadt Dresden und die Bewilligung einer institutionellen F\u00f6rderung durch das st\u00e4dtische Kulturamt gab es erstmals eine langfristige Perspektive zum Verbleib am Ort und durch die zugesagte F\u00f6rderung eine bessere Planbarkeit f\u00fcr die k\u00fcnstlerische und kulturelle Arbeit. Mithilfe der Kulturstiftung des Bundes war es f\u00fcr uns m\u00f6glich, ein Coaching zur Reorganisation der Vereinsstruktur durchzuf\u00fchren. Im Sinne einer krisengetriebenen Entwicklung initiierte die Reorganisation einen Lernprozess, dessen Ergebnisse wir in einer Publikation dokumentierten, um andere daran teilhaben zu lassen.<\/p>\n<p>2016 | 3 Teile | gesamt 102 Seiten<br \/>\nje 14.5 x 20.7 cm<\/p>\n<p><strong><em>gef\u00f6rdert durch:<\/em><\/strong><br \/>\n<img loading=\"lazy\" decoding=\"async\" class=\"alignnone wp-image-8481\" src=\"https:\/\/verlag.geh8.de\/wp-content\/uploads\/2021\/08\/Kulturstiftung_des_Bundes_Logo-602x261.jpg\" alt=\"\" width=\"191\" height=\"83\" srcset=\"https:\/\/verlag.geh8.de\/wp-content\/uploads\/2021\/08\/Kulturstiftung_des_Bundes_Logo-602x261.jpg 602w, https:\/\/verlag.geh8.de\/wp-content\/uploads\/2021\/08\/Kulturstiftung_des_Bundes_Logo-300x130.jpg 300w, https:\/\/verlag.geh8.de\/wp-content\/uploads\/2021\/08\/Kulturstiftung_des_Bundes_Logo-1024x445.jpg 1024w, https:\/\/verlag.geh8.de\/wp-content\/uploads\/2021\/08\/Kulturstiftung_des_Bundes_Logo-scaled.jpg 820w\" sizes=\"(max-width: 191px) 100vw, 191px\" \/><\/p>\n<p><img loading=\"lazy\" decoding=\"async\" class=\"alignnone size-full wp-image-8645\" src=\"https:\/\/verlag.geh8.de\/wp-content\/uploads\/2023\/10\/Platzhalter.jpg\" alt=\"\" width=\"451\" height=\"78\" srcset=\"https:\/\/verlag.geh8.de\/wp-content\/uploads\/2023\/10\/Platzhalter.jpg 451w, https:\/\/verlag.geh8.de\/wp-content\/uploads\/2023\/10\/Platzhalter-300x52.jpg 300w\" sizes=\"(max-width: 451px) 100vw, 451px\" \/><\/p>\n<\/div>\n","protected":false},"excerpt":{"rendered":"<p>Herausgeber: GEH8 Im Jahr 2014 ver\u00e4nderten sich die bis dato unsicheren Rahmenbedingungen der GEH8 zum Positiven. Durch den Verkauf des ehemaligen G\u00fcterbahnhofsgrundst\u00fccks an die Stadt Dresden und die Bewilligung einer institutionellen F\u00f6rderung durch das st\u00e4dtische Kulturamt gab es erstmals eine langfristige Perspektive zum Verbleib am Ort und durch die zugesagte F\u00f6rderung eine bessere Planbarkeit f\u00fcr&#8230;<\/p>\n","protected":false},"featured_media":8119,"template":"","meta":[],"product_cat":[30],"product_tag":[],"_links":{"self":[{"href":"https:\/\/verlag.geh8.de\/index.php?rest_route=\/wp\/v2\/product\/8118"}],"collection":[{"href":"https:\/\/verlag.geh8.de\/index.php?rest_route=\/wp\/v2\/product"}],"about":[{"href":"https:\/\/verlag.geh8.de\/index.php?rest_route=\/wp\/v2\/types\/product"}],"wp:featuredmedia":[{"embeddable":true,"href":"https:\/\/verlag.geh8.de\/index.php?rest_route=\/wp\/v2\/media\/8119"}],"wp:attachment":[{"href":"https:\/\/verlag.geh8.de\/index.php?rest_route=%2Fwp%2Fv2%2Fmedia&parent=8118"}],"wp:term":[{"taxonomy":"product_cat","embeddable":true,"href":"https:\/\/verlag.geh8.de\/index.php?rest_route=%2Fwp%2Fv2%2Fproduct_cat&post=8118"},{"taxonomy":"product_tag","embeddable":true,"href":"https:\/\/verlag.geh8.de\/index.php?rest_route=%2Fwp%2Fv2%2Fproduct_tag&post=8118"}],"curies":[{"name":"wp","href":"https:\/\/api.w.org\/{rel}","templated":true}]}}