{"id":7976,"date":"2021-08-11T13:14:21","date_gmt":"2021-08-11T13:14:21","guid":{"rendered":"http:\/\/verlag.geh8.de\/?page_id=7976"},"modified":"2022-04-27T10:57:34","modified_gmt":"2022-04-27T10:57:34","slug":"ueber-uns","status":"publish","type":"page","link":"https:\/\/verlag.geh8.de\/?page_id=7976","title":{"rendered":"\u00dcBER UNS"},"content":{"rendered":"<section class=\"l-section wpb_row height_custom\"><div class=\"l-section-h i-cf\"><div class=\"g-cols vc_row via_flex valign_top type_default stacking_default\"><div class=\"vc_col-sm-12 wpb_column vc_column_container\"><div class=\"vc_column-inner\"><div class=\"wpb_wrapper\"><h2 class=\"w-post-elm post_title us_custom_c314e366 align_center entry-title color_link_inherit\">\u00dcBER UNS<\/h2><div class=\"w-image align_center\"><div class=\"w-image-h\"><img decoding=\"async\" width=\"602\" height=\"402\" src=\"https:\/\/verlag.geh8.de\/wp-content\/uploads\/2021\/08\/Auswahl-Webseite-602x402.jpg\" class=\"attachment-shop_single size-shop_single\" alt=\"\" loading=\"lazy\" srcset=\"https:\/\/verlag.geh8.de\/wp-content\/uploads\/2021\/08\/Auswahl-Webseite-602x402.jpg 602w, https:\/\/verlag.geh8.de\/wp-content\/uploads\/2021\/08\/Auswahl-Webseite-300x200.jpg 300w, https:\/\/verlag.geh8.de\/wp-content\/uploads\/2021\/08\/Auswahl-Webseite-scaled.jpg 820w\" sizes=\"(max-width: 602px) 100vw, 602px\" \/><\/div><\/div><div class=\"w-separator size_medium\"><\/div><div class=\"wpb_text_column\"><div class=\"wpb_wrapper\"><h5><strong>DER GEH8-VERLAG<\/strong><\/h5>\n<p>Wir, die Gr\u00fcnder, Michael Merkel und Kathrin Assauer sind uns einig, dass der Anf\u00e4ngergeist des Verlages viele M\u00f6glichkeiten bietet und bieten wird. Wir fangen damit an, Kreative Modellprojekte des kulturellen Lebens in Dresden einzufangen und zwischen Buchdeckeln festzuhalten. Als nicht-kommerzielle und ehrenamtliche Initiative folgen wir dem universellen kulturellen Anspruch der GEH8, der gestalterische Fragestellungen zur Zukunft in unterschiedlichen gesellschaftlichen Bereichen miteinander in Dialog bringt.<\/p>\n<p>Als Verlag bieten wir eine Unterst\u00fctzungs-Plattform in s\u00e4mtlichen verlagsspezifischen Feldern:<\/p>\n<ul>\n<li>von der Beratung zum Konzept und der Produktion,<\/li>\n<li>der Vermittlung von Lektor\/-innen, Grafiker\/-innen und Fotograf\/-innen,<\/li>\n<li>Hilfestellung bei der Finanzakquise,<\/li>\n<li>der Pr\u00e4sentation des Buches auf den verlagseigenen Kan\u00e4len<\/li>\n<li>sowie der \u00dcbernahme des Vertriebs.<\/li>\n<\/ul>\n<p>Damit wollen wir spannende Einblicke in die Dresdner Kulturlandschaft bieten und mittels Veranstaltungen wie Lesungen, Buchpr\u00e4sentationen und Vortr\u00e4gen einen \u00f6ffentlichkeitswirksamen Raum generieren. Der GEH8-Verlag f\u00f6rdert den interdisziplin\u00e4ren Austausch zwischen Gestalter\/-innen, Forscher\/-innen, Freidenker\/-innen und Sch\u00f6ngeistern, schafft Synergien und inspiriert der Zukunft kreativ nachzusp\u00fcren, auch \u00fcber das dokumentarische Projektbuch hinaus.<\/p>\n<\/div><\/div><\/div><\/div><\/div><\/div><\/div><\/section>\n","protected":false},"excerpt":{"rendered":"\u00dcBER UNSDER GEH8-VERLAG Wir, die Gr\u00fcnder, Michael Merkel und Kathrin Assauer sind uns einig, dass der Anf\u00e4ngergeist des Verlages viele M\u00f6glichkeiten bietet und bieten wird. Wir fangen damit an, Kreative Modellprojekte des kulturellen Lebens in Dresden einzufangen und zwischen Buchdeckeln festzuhalten. Als nicht-kommerzielle und ehrenamtliche Initiative folgen wir dem universellen kulturellen Anspruch der GEH8, der...","protected":false},"author":2,"featured_media":0,"parent":0,"menu_order":0,"comment_status":"closed","ping_status":"closed","template":"","meta":{"footnotes":""},"_links":{"self":[{"href":"https:\/\/verlag.geh8.de\/index.php?rest_route=\/wp\/v2\/pages\/7976"}],"collection":[{"href":"https:\/\/verlag.geh8.de\/index.php?rest_route=\/wp\/v2\/pages"}],"about":[{"href":"https:\/\/verlag.geh8.de\/index.php?rest_route=\/wp\/v2\/types\/page"}],"author":[{"embeddable":true,"href":"https:\/\/verlag.geh8.de\/index.php?rest_route=\/wp\/v2\/users\/2"}],"replies":[{"embeddable":true,"href":"https:\/\/verlag.geh8.de\/index.php?rest_route=%2Fwp%2Fv2%2Fcomments&post=7976"}],"version-history":[{"count":20,"href":"https:\/\/verlag.geh8.de\/index.php?rest_route=\/wp\/v2\/pages\/7976\/revisions"}],"predecessor-version":[{"id":8525,"href":"https:\/\/verlag.geh8.de\/index.php?rest_route=\/wp\/v2\/pages\/7976\/revisions\/8525"}],"wp:attachment":[{"href":"https:\/\/verlag.geh8.de\/index.php?rest_route=%2Fwp%2Fv2%2Fmedia&parent=7976"}],"curies":[{"name":"wp","href":"https:\/\/api.w.org\/{rel}","templated":true}]}}