{"id":7867,"date":"2021-08-11T12:24:45","date_gmt":"2021-08-11T12:24:45","guid":{"rendered":"http:\/\/verlag.geh8.de\/?page_id=7867"},"modified":"2022-03-04T10:18:31","modified_gmt":"2022-03-04T10:18:31","slug":"vertragsschluss","status":"publish","type":"page","link":"https:\/\/verlag.geh8.de\/?page_id=7867","title":{"rendered":"VERTRAGSSCHLUSS"},"content":{"rendered":"<section class=\"l-section wpb_row height_custom\"><div class=\"l-section-h i-cf\"><div class=\"g-cols vc_row via_flex valign_top type_default stacking_default\"><div class=\"vc_col-sm-12 wpb_column vc_column_container\"><div class=\"vc_column-inner\"><div class=\"wpb_wrapper\"><h2 class=\"w-post-elm post_title us_custom_c314e366 align_center entry-title color_link_inherit\">VERTRAGSSCHLUSS<\/h2><div class=\"w-separator size_small\"><\/div><div class=\"wpb_text_column\"><div class=\"wpb_wrapper\"><h4><strong>Ihr Vertragspartner<\/strong><\/h4>\n<p>Bei einer Bestellung schlie\u00dfen Sie einen Vertrag mit:<\/p>\n<p><strong>GEH8 Kunst Raum Ateliers gUG(mbH)<\/strong><br \/>\nGehestra\u00dfe 8<br \/>\n01127 Dresden<\/p>\n<h4><strong>Kontakt<\/strong><\/h4>\n<p>verlag@geh8.de<\/p>\n<h4><strong>Vertragsschluss<\/strong><\/h4>\n<p>Sie werden \u00fcber den Eingang Ihrer Bestellung umgehend mit einer als \u201eBestellbest\u00e4tigung\u201c bezeichneten E-Mail informiert. Die Auftragsbest\u00e4tigung erfolgt automatisch und stellt noch keine Vertragsannahme dar. Der Vertrag \u00fcber den Erwerb eines Produktes kommt dadurch zustande, dass wir die Annahme Ihrer Bestellung und damit den Abschluss des Vertrages in einer weiteren als \u201eAuftragsbest\u00e4tigung\/Rechnung\u201c bezeichneten E-Mail best\u00e4tigen.<\/p>\n<p>Wir behalten uns vor, von einer Ausf\u00fchrung Ihrer Bestellung abzusehen, wenn wir den bestellten Titel nicht vorr\u00e4tig haben, der nicht vorr\u00e4tige Titel beim Verlag vergriffen und die bestellte Ware infolgedessen nicht verf\u00fcgbar ist. In diesem Fall werden wir Sie unverz\u00fcglich \u00fcber die Nichtverf\u00fcgbarkeit informieren und einen gegebenenfalls von Ihnen bereits gezahlten Kaufpreis unverz\u00fcglich r\u00fcckerstatten.<\/p>\n<h4><strong>Vertragssprache<\/strong><\/h4>\n<p>Die f\u00fcr den Vertragsschluss zur Verf\u00fcgung stehende Sprache ist Deutsch.<\/p>\n<\/div><\/div><\/div><\/div><\/div><\/div><\/div><\/section>\n","protected":false},"excerpt":{"rendered":"VERTRAGSSCHLUSSIhr Vertragspartner Bei einer Bestellung schlie\u00dfen Sie einen Vertrag mit: GEH8 Kunst Raum Ateliers gUG(mbH) Gehestra\u00dfe 8 01127 Dresden Kontakt verlag@geh8.de Vertragsschluss Sie werden \u00fcber den Eingang Ihrer Bestellung umgehend mit einer als \u201eBestellbest\u00e4tigung\u201c bezeichneten E-Mail informiert. Die Auftragsbest\u00e4tigung erfolgt automatisch und stellt noch keine Vertragsannahme dar. Der Vertrag \u00fcber den Erwerb eines Produktes kommt...","protected":false},"author":2,"featured_media":0,"parent":0,"menu_order":0,"comment_status":"closed","ping_status":"closed","template":"","meta":{"footnotes":""},"_links":{"self":[{"href":"https:\/\/verlag.geh8.de\/index.php?rest_route=\/wp\/v2\/pages\/7867"}],"collection":[{"href":"https:\/\/verlag.geh8.de\/index.php?rest_route=\/wp\/v2\/pages"}],"about":[{"href":"https:\/\/verlag.geh8.de\/index.php?rest_route=\/wp\/v2\/types\/page"}],"author":[{"embeddable":true,"href":"https:\/\/verlag.geh8.de\/index.php?rest_route=\/wp\/v2\/users\/2"}],"replies":[{"embeddable":true,"href":"https:\/\/verlag.geh8.de\/index.php?rest_route=%2Fwp%2Fv2%2Fcomments&post=7867"}],"version-history":[{"count":11,"href":"https:\/\/verlag.geh8.de\/index.php?rest_route=\/wp\/v2\/pages\/7867\/revisions"}],"predecessor-version":[{"id":8451,"href":"https:\/\/verlag.geh8.de\/index.php?rest_route=\/wp\/v2\/pages\/7867\/revisions\/8451"}],"wp:attachment":[{"href":"https:\/\/verlag.geh8.de\/index.php?rest_route=%2Fwp%2Fv2%2Fmedia&parent=7867"}],"curies":[{"name":"wp","href":"https:\/\/api.w.org\/{rel}","templated":true}]}}